{"id":452,"date":"2020-08-04T22:31:05","date_gmt":"2020-08-04T20:31:05","guid":{"rendered":"https:\/\/www.adeline-reflexologie.fr\/?page_id=452"},"modified":"2020-09-11T10:13:57","modified_gmt":"2020-09-11T08:13:57","slug":"conditions-generales-de-vente","status":"publish","type":"page","link":"https:\/\/www.adeline-reflexologie.fr\/index.php\/conditions-generales-de-vente\/","title":{"rendered":"Conditions g\u00e9n\u00e9rales de vente"},"content":{"rendered":"\t\t<div data-elementor-type=\"wp-page\" data-elementor-id=\"452\" class=\"elementor elementor-452\">\n\t\t\t\t\t\t<section class=\"elementor-section elementor-top-section elementor-element elementor-element-3d7b84ec elementor-section-boxed elementor-section-height-default elementor-section-height-default\" data-id=\"3d7b84ec\" data-element_type=\"section\">\n\t\t\t\t\t\t<div class=\"elementor-container elementor-column-gap-default\">\n\t\t\t\t\t<div class=\"aux-parallax-section elementor-column elementor-col-100 elementor-top-column elementor-element elementor-element-743bf57\" data-id=\"743bf57\" data-element_type=\"column\">\n\t\t\t<div class=\"elementor-widget-wrap elementor-element-populated\">\n\t\t\t\t\t\t<div class=\"elementor-element elementor-element-2d42b961 elementor-widget elementor-widget-text-editor\" data-id=\"2d42b961\" data-element_type=\"widget\" data-widget_type=\"text-editor.default\">\n\t\t\t\t<div class=\"elementor-widget-container\">\n\t\t\t\t\t\t\t<!-- wp:paragraph -->\n<p><strong>Toute commande effectu\u00e9e aupr\u00e8s de Adeline R\u00e9flexologie \/ Iridologie, implique l\u2019acceptation pr\u00e9alable des conditions g\u00e9n\u00e9rales de ventes indiqu\u00e9es ci-apr\u00e8s.<\/strong><\/p>\n<!-- \/wp:paragraph -->\n\n<!-- wp:paragraph -->\n<p><strong>Article 1 \u2013 Objet et propri\u00e9t\u00e9 intellectuelle<\/strong><\/p>\n<!-- \/wp:paragraph -->\n\n<!-- wp:paragraph -->\n<p>Les pr\u00e9sentes conditions r\u00e9gissent les relations contractuelles entre <strong>Adeline R\u00e9flexologie \/ Iridologie<\/strong>, num\u00e9ro de SIRET&nbsp; 85142372300010, dont le si\u00e8ge social est situ\u00e9 au 36a, rue de Strasbourg 67117 FURDENHEIM, praticienne en r\u00e9flexologie, iridologie et lithoth\u00e9rapie \/ cr\u00e9ation de bracelets de lithoth\u00e9rapie, et la personne proc\u00e9dant \u00e0 l\u2019achat de produits, d\u00e9fini comme le client.<\/p>\n<!-- \/wp:paragraph -->\n\n<!-- wp:paragraph -->\n<p>Le vendeur se r\u00e9serve la possibilit\u00e9 de modifier les conditions g\u00e9n\u00e9rales de vente (CGV) \u00e0 tout moment par la publication d\u2019une nouvelle version sur son site internet. Les CGV applicables sont celles \u00e9tant en vigueur au moment de la validation de la commande, donc de la date du paiement.<\/p>\n<!-- \/wp:paragraph -->\n\n<!-- wp:paragraph -->\n<p>Toute repr\u00e9sentation ou reproduction partielle ou int\u00e9grale des cr\u00e9ations, titres ou tout autre \u00e9l\u00e9ment constitutif au site, par quelque proc\u00e9d\u00e9 ou support que ce soit et sans autorisation \u00e9crite est strictement interdite et constituerait une contrefa\u00e7on sanctionn\u00e9 par les articles L.335-2 et autres du Code de la Propri\u00e9t\u00e9 Intellectuelle.<\/p>\n<!-- \/wp:paragraph -->\n\n<!-- wp:paragraph -->\n<p><strong>Article 2 \u2013 Produits<\/strong><\/p>\n<!-- \/wp:paragraph -->\n\n<!-- wp:paragraph -->\n<p>Les articles sont confectionn\u00e9s par Adeline R\u00e9flexologie \/ Iridologie, \u00e0 la main, en pi\u00e8ce unique ou en s\u00e9rie. De ce fait, ils peuvent pr\u00e9senter des irr\u00e9gularit\u00e9s ou quelques diff\u00e9rences de taille, couleur, motifs \u2026 d\u2019une pi\u00e8ce \u00e0 une autre.<\/p>\n<!-- \/wp:paragraph -->\n\n<!-- wp:paragraph -->\n<p>Les photos des articles pr\u00e9sent\u00e9s ne sont pas contractuelles.<\/p>\n<!-- \/wp:paragraph -->\n\n<!-- wp:paragraph -->\n<p>Chaque article, est pr\u00e9sent\u00e9 par un descriptif r\u00e9alis\u00e9 par la cr\u00e9atrice.<\/p>\n<!-- \/wp:paragraph -->\n\n<!-- wp:paragraph -->\n<p>L\u2019ensemble des caract\u00e9ristiques essentielles des produits propos\u00e9s appara\u00eet \u00e0 l\u2019aide de photographies et de textes. Les photographies illustrant les produits ne sont pas contractuelles. Les caract\u00e9ristiques sont donn\u00e9es \u00e0 titre indicatif et elles peuvent l\u00e9g\u00e8rement varier du fait du travail artisanal.<\/p>\n<!-- \/wp:paragraph -->\n\n<!-- wp:paragraph -->\n<p>Les couleurs des produits du site peuvent \u00eatre fauss\u00e9es, en fonction notamment du type d\u2019\u00e9cran utilis\u00e9.Les produits sont de fabrication artisanale, leur forme, couleur ou finition peuvent \u00eatre irr\u00e9guli\u00e8re.<\/p>\n<!-- \/wp:paragraph -->\n\n<!-- wp:paragraph -->\n<p>Nos produits ne sont pas des jouets et ne peuvent convenir \u00e0 des enfants de moins de 3 ans sans surveillance d\u2019un adulte (risques d\u2019ingestion). Adeline R\u00e9flexologie \/ Iridologie n\u2019est pas responsable de l\u2019usage qui peut \u00eatre fait des produits.<\/p>\n<!-- \/wp:paragraph -->\n\n<!-- wp:paragraph -->\n<p><strong>Article 3 \u2013 Tarif<\/strong><\/p>\n<!-- \/wp:paragraph -->\n\n<!-- wp:paragraph -->\n<p>Le tarif des articles sont indiqu\u00e9s en euros hors taxes (TVA non applicable \u2013 articles 293 B du CGI) et hors frais de traitement et d\u2019exp\u00e9dition.<\/p>\n<!-- \/wp:paragraph -->\n\n<!-- wp:paragraph -->\n<p>Ils sont valables uniquement au jour o\u00f9 la commande est valid\u00e9e.<\/p>\n<!-- \/wp:paragraph -->\n\n<!-- wp:paragraph -->\n<p>Toutes les commandes sont payables en euros.<\/p>\n<!-- \/wp:paragraph -->\n\n<!-- wp:paragraph -->\n<p>Adeline R\u00e9flexologie \/ Iridologie se r\u00e9serve le droit de modifier ses tarifs \u00e0 tout moment. L\u2019article sera factur\u00e9 sur la base du tarif en vigueur au moment de la validation de la commande, \u00e0 savoir lors de son paiement.<\/p>\n<!-- \/wp:paragraph -->\n\n<!-- wp:paragraph -->\n<p>Les articles demeurent la propri\u00e9t\u00e9 de Adeline R\u00e9flexologie \/ Iridologie&nbsp; jusqu\u2019au paiement complet du tarif.<\/p>\n<!-- \/wp:paragraph -->\n\n<!-- wp:paragraph -->\n<p><strong>Article 4 \u2013 Commande<\/strong><\/p>\n<!-- \/wp:paragraph -->\n\n<!-- wp:paragraph -->\n<p>Chaque article vendu par Adeline R\u00e9flexologie \/ Iridologie est un article unique.<\/p>\n<!-- \/wp:paragraph -->\n\n<!-- wp:paragraph -->\n<p>Il est confectionn\u00e9 avec soin \u00e0 la main, en atelier \u00e0 Furdenheim (67) et peut donc pr\u00e9senter des variations avec un article similaire.<\/p>\n<!-- \/wp:paragraph -->\n\n<!-- wp:paragraph -->\n<p>Adeline R\u00e9flexologie \/ Iridologie&nbsp; r\u00e9alise, principalement, les articles sur commande, afin de confectionner des articles personnalis\u00e9s, r\u00e9alis\u00e9s au plus pr\u00e8s du souhait des clients.<\/p>\n<!-- \/wp:paragraph -->\n\n<!-- wp:paragraph -->\n<p>Habituellement, les articles sont confectionn\u00e9s dans un d\u00e9lai de 15 jours, pour les commandes de particuliers apr\u00e8s la validation de la commande. Attention, ce d\u00e9lai ne prend pas en compte le temps de livraison qui s\u2019ajoute ensuite, une fois la commande exp\u00e9di\u00e9e.<\/p>\n<!-- \/wp:paragraph -->\n\n<!-- wp:paragraph -->\n<p>Cependant, selon le nombre de commandes enregistr\u00e9es, et \u00e0 certaines p\u00e9riodes de l\u2019ann\u00e9e, les d\u00e9lais de fabrication peuvent \u00eatre allong\u00e9s. Ces informations seront communiqu\u00e9es au pr\u00e9alable lors de la validation de la commande.<\/p>\n<!-- \/wp:paragraph -->\n\n<!-- wp:paragraph -->\n<p>La confirmation de la commande vaudra signature et acceptation des CGV.<\/p>\n<!-- \/wp:paragraph -->\n\n<!-- wp:paragraph -->\n<p>Une fois la commande valid\u00e9e, le client re\u00e7oit une confirmation par message, comprenant un r\u00e9capitulatif des informations de sa commande, qui vaut pour bon de commande et de fabrication aupr\u00e8s de Adeline R\u00e9flexologie \/ Iridologie.<\/p>\n<!-- \/wp:paragraph -->\n\n<!-- wp:paragraph -->\n<p>Adeline R\u00e9flexologie \/ Iridologie se r\u00e9serve la possibilit\u00e9 de refuser une commande, par exemple pour toute demande anormale, r\u00e9alis\u00e9e de mauvaise foi ou pour tout motif l\u00e9gitime.<\/p>\n<!-- \/wp:paragraph -->\n\n<!-- wp:paragraph -->\n<p>De m\u00eame, Adeline R\u00e9flexologie \/ Iridologie se r\u00e9serve le droit de ne pas enregistrer un paiement, et de ne pas confirmer une commande pour quelque raison que ce soit, et plus particuli\u00e8rement en cas de probl\u00e8me d\u2019approvisionnement, ou en cas de difficult\u00e9 concernant la commande re\u00e7ue.<\/p>\n<!-- \/wp:paragraph -->\n\n<!-- wp:paragraph -->\n<p><strong>Article 5 \u2013 R\u00e8glement<\/strong><\/p>\n<!-- \/wp:paragraph -->\n\n<!-- wp:paragraph -->\n<p>La validation de la commande entra\u00eene l\u2019obligation de payer le prix indiqu\u00e9. Le paiement est exigible imm\u00e9diatement \u00e0 la commande, y compris pour les produits en pr\u00e9-commande, et de cr\u00e9ations personnalis\u00e9es et\/ou sur mesure.<\/p>\n<!-- \/wp:paragraph -->\n\n<!-- wp:paragraph -->\n<p>Le r\u00e8glement de vos achats s\u2019effectue par ch\u00e8que, virement bancaire ou en esp\u00e8ce.&nbsp;<\/p>\n<!-- \/wp:paragraph -->\n\n<!-- wp:paragraph -->\n<p>Dans le cas d\u2019un paiement par virement bancaire ou ch\u00e8que, le traitement de la commande sera plus long et valid\u00e9, seulement \u00e0 r\u00e9ception du paiement (virement ou ch\u00e8que). Dans l\u2019attente du r\u00e8glement, les articles seront r\u00e9serv\u00e9s \u00e0 l\u2019acheteur pendant 7 jours calendaires maximum. Au bout de 8 jours, sans r\u00e9ception du r\u00e8glement, les articles \u00ab En stock \u00bb seront remis en vente.<\/p>\n<!-- \/wp:paragraph -->\n\n<!-- wp:paragraph -->\n<p><strong>Article 6 \u2013 Livraison<\/strong><\/p>\n<!-- \/wp:paragraph -->\n\n<!-- wp:paragraph -->\n<p>Les articles sont livr\u00e9s \u00e0 l\u2019adresse indiqu\u00e9e par le client lors de la validation de sa commande.<\/p>\n<!-- \/wp:paragraph -->\n\n<!-- wp:paragraph -->\n<p>Adeline R\u00e9flexologie \/ Iridologie envoie les articles en France m\u00e9tropolitaine principalement. Cependant, il est possible de faire des envois \u00e0 l\u2019\u00e9tranger, il suffit d\u2019en faire la demande aupr\u00e8s de Adeline R\u00e9flexologie \/ Iridologie ( reflexologie.adeline@gmail.com). Les tarifs vous seront alors communiqu\u00e9s.<\/p>\n<!-- \/wp:paragraph -->\n\n<!-- wp:paragraph -->\n<p>Frais de Port : Les frais de port s\u2019\u00e9l\u00e8vent \u00e0 2,50\u20ac et sont offerts d\u00e8s 3 bracelets achet\u00e9s. Les colis sont exp\u00e9di\u00e9e en colis suivi La Poste. Le num\u00e9ro de suivi de votre commande vous sera transmis par mail d\u00e8s exp\u00e9dition de votre commande. Vous pourrez suivre votre commande en temps r\u00e9el sur le site internet de <a href=\"https:\/\/www.laposte.fr\/particulier\/outils\/suivre-vos-envois\">La Poste<\/a>.<\/p>\n<!-- \/wp:paragraph -->\n\n<!-- wp:paragraph -->\n<p>Les frais de port comprennent les frais de pr\u00e9paration du paquet ainsi que les frais de port de&nbsp; La Poste.<\/p>\n<!-- \/wp:paragraph -->\n\n<!-- wp:paragraph -->\n<p>Adeline R\u00e9flexologie \/ Iridologie d\u00e9cline toute responsabilit\u00e9 quant \u00e0 l\u2019allongement des d\u00e9lais de livraison du fait du transporteur, notamment en cas de perte des produits, d\u2019intemp\u00e9ries ou de gr\u00e8ve.<\/p>\n<!-- \/wp:paragraph -->\n\n<!-- wp:paragraph -->\n<p>Les articles en stock seront exp\u00e9di\u00e9s dans un d\u00e9lai de 7 ouvr\u00e9s maximum apr\u00e8s validation de la commande.<\/p>\n<!-- \/wp:paragraph -->\n\n<!-- wp:paragraph -->\n<p>Pour les articles personnalis\u00e9s cr\u00e9\u00e9s sur mesure, les d\u00e9lais seront communiqu\u00e9s au moment de la validation de la commande.<\/p>\n<!-- \/wp:paragraph -->\n\n<!-- wp:paragraph -->\n<p>Dans le cas d\u2019un envoi effectu\u00e9 par La Poste, si le colis arrive ouvert ou endommag\u00e9 (notamment avec la pr\u00e9sence du scotch jaune \u00ab La Poste \u00bb) il est indispensable que le client fasse \u00e9tablir par le facteur ou le bureau de Poste dont il d\u00e9pend un \u00ab constat de spoliation \u00bb (constat 170) afin que Adeline R\u00e9flexologie \/ Iridologie&nbsp; puisse ouvrir une enqu\u00eate et une proc\u00e9dure d\u2019indemnisation.<\/p>\n<!-- \/wp:paragraph -->\n\n<!-- wp:paragraph -->\n<p>Le consommateur devra sous 7 jours transmettre simultan\u00e9ment copie de ce \u00ab constat de spoliation \u00bb par simple courrier. Toute r\u00e9clamation parvenue hors d\u00e9lai sera rejet\u00e9e.<\/p>\n<!-- \/wp:paragraph -->\n\n<!-- wp:paragraph -->\n<p>Adeline R\u00e9fl\u00e9xologie \/ Iridologie ne saurait \u00eatre tenue pour responsable de l\u2019inex\u00e9cution du contrat en cas de rupture de stock ou indisponibilit\u00e9 du produit, en cas de force majeur, de perturbation ou gr\u00e8ve totale ou partielle notamment des services postaux et moyens de transport et de communication Internet, inondations, incendie.<\/p>\n<!-- \/wp:paragraph -->\n\n<!-- wp:paragraph -->\n<p><strong>Article 7 \u2013 Retractation<\/strong><\/p>\n<!-- \/wp:paragraph -->\n\n<!-- wp:paragraph -->\n<p>Conform\u00e9ment aux dispositions de l\u2019article L.121-21 du Code de la Consommation, vous disposez d\u2019un d\u00e9lai de r\u00e9tractation de 14 jours \u00e0 compter de la r\u00e9ception de vos articles pour exercer votre droit de r\u00e9tractation sans avoir \u00e0 justifier de motifs ni \u00e0 payer de p\u00e9nalit\u00e9.<\/p>\n<!-- \/wp:paragraph -->\n\n<!-- wp:paragraph -->\n<p>Les retours sont \u00e0 effectuer dans leur \u00e9tat d\u2019origine et complets (emballage, accessoires, notice). Dans ce cadre, votre responsabilit\u00e9 est engag\u00e9e. Tout dommage subi par le produit \u00e0 cette occasion peut \u00eatre de nature \u00e0 faire \u00e9chec au droit de r\u00e9tractation.<\/p>\n<!-- \/wp:paragraph -->\n\n<!-- wp:paragraph -->\n<p>Nous vous conseillons vivement d\u2019effectuer les retours par Lettre suivie. Dans le cas contraire, si le produit exp\u00e9di\u00e9 par vos soins ne nous parvenait pas, vous ne pourriez \u00eatre rembours\u00e9.<\/p>\n<!-- \/wp:paragraph -->\n\n<!-- wp:paragraph -->\n<p>Les frais de retour sont \u00e0 votre charge.<\/p>\n<!-- \/wp:paragraph -->\n\n<!-- wp:paragraph -->\n<p>En cas d\u2019exercice du droit de r\u00e9tractation, Adeline R\u00e9flexologie \/ Iridologie proc\u00e9dera au remboursement des sommes vers\u00e9es, dans un d\u00e9lai de 14 jours suivant la notification de votre demande.<\/p>\n<!-- \/wp:paragraph -->\n\n<!-- wp:paragraph -->\n<p><strong>CE DROIT DE R\u00c9TRACTATION N\u2019EST PAS APPLICABLE POUR LES ARTICLES PERSONNALISES, SUR MESURE ET\/OU CR\u00c9\u00c9S EXCLUSIVEMENT POUR LE CLIENT<\/strong>.<\/p>\n<!-- \/wp:paragraph -->\n\n<!-- wp:paragraph -->\n<p>Ces articles ne seront alors ni repris, ni \u00e9chang\u00e9s.<\/p>\n<!-- \/wp:paragraph -->\n\n<!-- wp:paragraph -->\n<p>Toute demande de retour, devra au pr\u00e9alable, \u00eatre effectu\u00e9e par mail aupr\u00e8s de Adeline R\u00e9flexologie \/ Iridologie.<\/p>\n<!-- \/wp:paragraph -->\n\n<!-- wp:paragraph -->\n<p><strong>Article 8 \u2013 Responsabilit\u00e9<\/strong><\/p>\n<!-- \/wp:paragraph -->\n\n<!-- wp:paragraph -->\n<p>Les articles propos\u00e9s, sont confectionn\u00e9s \u00e0 la main, avec soin et attention, et sont conformes \u00e0 la l\u00e9gislation fran\u00e7aise en vigueur.<\/p>\n<!-- \/wp:paragraph -->\n\n<!-- wp:paragraph -->\n<p>Adeline R\u00e9flexologie \/ Iridologie ne saurait \u00eatre tenue pour responsable des dommages r\u00e9sultant d\u2019une mauvaise utilisation, en cas de contact avec des produits corrosifs (parfums, eau de piscine, eau de mer\u2026) ou distension du bracelet.<\/p>\n<!-- \/wp:paragraph -->\n\n<!-- wp:paragraph -->\n<p><strong>Article 9 \u2013 Droit applicable en cas de litiges<\/strong><\/p>\n<!-- \/wp:paragraph -->\n\n<!-- wp:paragraph -->\n<p>Les pr\u00e9sentes conditions de vente sont soumises \u00e0 la loi fran\u00e7aise.<\/p>\n<!-- \/wp:paragraph -->\n\n<!-- wp:paragraph -->\n<p>En cas de litige, les tribunaux fran\u00e7ais seront les seuls comp\u00e9tents.<\/p>\n<!-- \/wp:paragraph -->\n\n<!-- wp:paragraph -->\n<p><strong>Article 10 \u2013 Protection des donn\u00e9es<\/strong><\/p>\n<!-- \/wp:paragraph -->\n\n<!-- wp:paragraph -->\n<p>Adeline R\u00e9flexologie \/ Iridologie se r\u00e9serve le droit de collecter les informations nominatives et les donn\u00e9es personnelles vous concernant. Elles sont n\u00e9cessaires \u00e0 la gestion de votre commande, ainsi qu\u2019\u00e0 l\u2019am\u00e9lioration des services et des informations que nous vous adressons.<\/p>\n<!-- \/wp:paragraph -->\n\n<!-- wp:paragraph -->\n<p>Ces informations et donn\u00e9es sont \u00e9galement conserv\u00e9es \u00e0 des fins de s\u00e9curit\u00e9, afin de respecter les obligations l\u00e9gales et r\u00e9glementaires.<\/p>\n<!-- \/wp:paragraph -->\n\n<!-- wp:paragraph -->\n<p>Conform\u00e9ment \u00e0 la loi du 6 janvier 1978, vous disposez d\u2019un droit d\u2019acc\u00e8s, de rectification et d\u2019opposition aux informations nominatives et aux donn\u00e9es personnelles vous concernant, sur demande via le formulaire de contact du site internet d\u2019Adeline R\u00e9flexologie \/ Iridologie.<\/p>\n<!-- \/wp:paragraph -->\n\n<!-- wp:paragraph -->\n<p>Les donn\u00e9es nominatives ne sont en aucun cas transmises \u00e0 des tiers.<\/p>\n<!-- \/wp:paragraph -->\t\t\t\t\t\t<\/div>\n\t\t\t\t<\/div>\n\t\t\t\t\t<\/div>\n\t\t<\/div>\n\t\t\t\t\t<\/div>\n\t\t<\/section>\n\t\t\t\t<\/div>\n\t\t","protected":false},"excerpt":{"rendered":"<p>Toute commande effectu\u00e9e aupr\u00e8s de Adeline R\u00e9flexologie \/ Iridologie, implique l\u2019acceptation pr\u00e9alable des conditions g\u00e9n\u00e9rales de ventes indiqu\u00e9es ci-apr\u00e8s. Article 1 \u2013 Objet et propri\u00e9t\u00e9 intellectuelle Les pr\u00e9sentes conditions r\u00e9gissent les relations contractuelles entre Adeline R\u00e9flexologie \/ Iridologie, num\u00e9ro de SIRET&nbsp; 85142372300010, dont le si\u00e8ge social est situ\u00e9 au 36a, rue de Strasbourg 67117 FURDENHEIM, [&hellip;]<\/p>\n","protected":false},"author":1,"featured_media":0,"parent":0,"menu_order":0,"comment_status":"closed","ping_status":"closed","template":"","meta":{"footnotes":""},"class_list":["post-452","page","type-page","status-publish","hentry"],"_links":{"self":[{"href":"https:\/\/www.adeline-reflexologie.fr\/index.php\/wp-json\/wp\/v2\/pages\/452"}],"collection":[{"href":"https:\/\/www.adeline-reflexologie.fr\/index.php\/wp-json\/wp\/v2\/pages"}],"about":[{"href":"https:\/\/www.adeline-reflexologie.fr\/index.php\/wp-json\/wp\/v2\/types\/page"}],"author":[{"embeddable":true,"href":"https:\/\/www.adeline-reflexologie.fr\/index.php\/wp-json\/wp\/v2\/users\/1"}],"replies":[{"embeddable":true,"href":"https:\/\/www.adeline-reflexologie.fr\/index.php\/wp-json\/wp\/v2\/comments?post=452"}],"version-history":[{"count":2,"href":"https:\/\/www.adeline-reflexologie.fr\/index.php\/wp-json\/wp\/v2\/pages\/452\/revisions"}],"predecessor-version":[{"id":477,"href":"https:\/\/www.adeline-reflexologie.fr\/index.php\/wp-json\/wp\/v2\/pages\/452\/revisions\/477"}],"wp:attachment":[{"href":"https:\/\/www.adeline-reflexologie.fr\/index.php\/wp-json\/wp\/v2\/media?parent=452"}],"curies":[{"name":"wp","href":"https:\/\/api.w.org\/{rel}","templated":true}]}}